{"id":30091,"date":"2021-04-10T21:54:27","date_gmt":"2021-04-10T19:54:27","guid":{"rendered":"https:\/\/www.canarysurfacademy.com\/chi-siamo\/"},"modified":"2022-01-21T16:51:53","modified_gmt":"2022-01-21T15:51:53","slug":"chi-siamo","status":"publish","type":"page","link":"https:\/\/www.canarysurfacademy.com\/it\/chi-siamo\/","title":{"rendered":"Chi Siamo"},"content":{"rendered":"<p>[et_pb_section fb_built=&#8221;1&#8243; custom_padding_last_edited=&#8221;on|phone&#8221; _builder_version=&#8221;3.24.1&#8243; background_image=&#8221;https:\/\/www.canarysurfacademy.com\/wp-content\/uploads\/2017\/12\/canary-surf-academy-surf-course-fuerteventura.jpg&#8221; parallax=&#8221;on&#8221; parallax_method=&#8221;off&#8221; custom_margin=&#8221;||0px&#8221; custom_margin_tablet=&#8221;&#8221; custom_margin_phone=&#8221;&#8221; custom_margin_last_edited=&#8221;on|desktop&#8221; custom_padding=&#8221;150px||150px||true&#8221; custom_padding_tablet=&#8221;100px||100px||true&#8221; custom_padding_phone=&#8221;50px||50px||true&#8221; background_color_tablet=&#8221;rgba(0,0,0,0.15)&#8221; background_last_edited=&#8221;on|tablet&#8221; background_enable_color_tablet=&#8221;on&#8221; parallax_tablet=&#8221;off&#8221; background_blend_tablet=&#8221;overlay&#8221;][et_pb_row custom_padding_last_edited=&#8221;off|tablet&#8221; admin_label=&#8221;row&#8221; _builder_version=&#8221;3.25&#8243; background_size=&#8221;initial&#8221; background_position=&#8221;top_left&#8221; background_repeat=&#8221;repeat&#8221; module_alignment=&#8221;center&#8221; custom_margin=&#8221;3{83bf30612ad597f144ac9659a878d6c0f3c30e55f87a7d25bf469196a9c133b1}||8{83bf30612ad597f144ac9659a878d6c0f3c30e55f87a7d25bf469196a9c133b1}|&#8221; custom_margin_tablet=&#8221;2{83bf30612ad597f144ac9659a878d6c0f3c30e55f87a7d25bf469196a9c133b1}||4{83bf30612ad597f144ac9659a878d6c0f3c30e55f87a7d25bf469196a9c133b1}|&#8221; custom_margin_phone=&#8221;||2{83bf30612ad597f144ac9659a878d6c0f3c30e55f87a7d25bf469196a9c133b1}|&#8221; custom_margin_last_edited=&#8221;on|phone&#8221; custom_padding=&#8221;|||&#8221;][et_pb_column type=&#8221;4_4&#8243; _builder_version=&#8221;3.25&#8243; custom_padding=&#8221;|||&#8221; custom_padding__hover=&#8221;|||&#8221;][et_pb_text _builder_version=&#8221;3.27.4&#8243; header_font=&#8221;||||||||&#8221; header_font_size=&#8221;45px&#8221; header_2_font_size=&#8221;25px&#8221; header_3_font=&#8221;|||on|||||&#8221; header_3_text_color=&#8221;#ff692f&#8221; header_3_font_size=&#8221;16px&#8221; header_4_font=&#8221;|||on|||||&#8221; header_4_font_size=&#8221;14px&#8221; background_layout=&#8221;dark&#8221; width=&#8221;50%&#8221; width_tablet=&#8221;&#8221; width_phone=&#8221;100%&#8221; width_last_edited=&#8221;on|phone&#8221; max_width=&#8221;55{83bf30612ad597f144ac9659a878d6c0f3c30e55f87a7d25bf469196a9c133b1}&#8221; max_width_tablet=&#8221;100{83bf30612ad597f144ac9659a878d6c0f3c30e55f87a7d25bf469196a9c133b1}&#8221; max_width_phone=&#8221;&#8221; max_width_last_edited=&#8221;on|phone&#8221; animation_style=&#8221;zoom&#8221; header_font_size_tablet=&#8221;40px&#8221; header_font_size_phone=&#8221;30px&#8221; header_font_size_last_edited=&#8221;on|phone&#8221; header_2_font_size_tablet=&#8221;&#8221; header_2_font_size_phone=&#8221;20px&#8221; header_2_font_size_last_edited=&#8221;on|phone&#8221; header_3_font_size_tablet=&#8221;&#8221; header_3_font_size_phone=&#8221;14px&#8221; header_3_font_size_last_edited=&#8221;on|phone&#8221;]<\/p>\n<h3>Chi siamo<\/h3>\n<h1>Scuola di sport acquatici e skate a Caleta de Fuste, Fuerteventura! <\/h1>\n<p>[\/et_pb_text][\/et_pb_column][\/et_pb_row][\/et_pb_section][et_pb_section fb_built=&#8221;1&#8243; _builder_version=&#8221;3.24.1&#8243; custom_margin=&#8221;0px||0px&#8221; custom_padding=&#8221;0px||0px|&#8221;][et_pb_row use_custom_gutter=&#8221;on&#8221; gutter_width=&#8221;1&#8243; custom_padding_last_edited=&#8221;on|desktop&#8221; module_class=&#8221; et_pb_row_fullwidth&#8221; _builder_version=&#8221;3.25&#8243; width=&#8221;100{83bf30612ad597f144ac9659a878d6c0f3c30e55f87a7d25bf469196a9c133b1}&#8221; width_tablet=&#8221;100{83bf30612ad597f144ac9659a878d6c0f3c30e55f87a7d25bf469196a9c133b1}&#8221; width_phone=&#8221;&#8221; width_last_edited=&#8221;on|desktop&#8221; max_width=&#8221;100{83bf30612ad597f144ac9659a878d6c0f3c30e55f87a7d25bf469196a9c133b1}&#8221; max_width_tablet=&#8221;100{83bf30612ad597f144ac9659a878d6c0f3c30e55f87a7d25bf469196a9c133b1}&#8221; max_width_phone=&#8221;&#8221; max_width_last_edited=&#8221;on|desktop&#8221; custom_margin=&#8221;100px||100px|&#8221; custom_margin_tablet=&#8221;50px||50px||true&#8221; custom_margin_phone=&#8221;&#8221; custom_margin_last_edited=&#8221;on|phone&#8221; custom_padding_tablet=&#8221;&#8221; custom_padding_phone=&#8221;&#8221; make_fullwidth=&#8221;on&#8221;][et_pb_column type=&#8221;4_4&#8243; _builder_version=&#8221;3.25&#8243; custom_padding=&#8221;|||&#8221; custom_padding__hover=&#8221;|||&#8221;][et_pb_text _builder_version=&#8221;3.27.4&#8243; text_orientation=&#8221;center&#8221; width=&#8221;80%&#8221; module_alignment=&#8221;center&#8221; animation_style=&#8221;zoom&#8221;]<\/p>\n<h2>Siamo appassionati di tutti gli sport acquatici, amiamo offrire alle persone un&#8217;esperienza straordinaria e godere dell&#8217;oceano in ogni modo possibile.  <\/h2>\n<p>[\/et_pb_text][\/et_pb_column][\/et_pb_row][et_pb_row use_custom_gutter=&#8221;on&#8221; gutter_width=&#8221;1&#8243; module_class=&#8221;gallery et_pb_row_fullwidth&#8221; _builder_version=&#8221;3.25&#8243; width=&#8221;100%&#8221; width_tablet=&#8221;100%&#8221; width_phone=&#8221;&#8221; width_last_edited=&#8221;on|phone&#8221; max_width=&#8221;2560%&#8221; max_width_tablet=&#8221;2560%&#8221; max_width_phone=&#8221;&#8221; max_width_last_edited=&#8221;on|phone&#8221; custom_margin=&#8221;0px||0px|&#8221; custom_padding=&#8221;0px||0px|&#8221; make_fullwidth=&#8221;on&#8221;][et_pb_column type=&#8221;4_4&#8243; _builder_version=&#8221;3.25&#8243; custom_padding=&#8221;|||&#8221; custom_padding__hover=&#8221;|||&#8221;][et_pb_gallery gallery_ids=&#8221;28951,28952,28955,30674&#8243; db_image_max_width_tablet=&#8221;51&#8243; db_image_max_height_tablet=&#8221;501&#8243; db_image_row_spacing_tablet=&#8221;51&#8243; db_image_center_titles=&#8221;left&#8221; db_image_object_fit=&#8221;initial&#8221; dbdb_version=&#8221;3.3.1&#8243; show_title_and_caption=&#8221;off&#8221; show_pagination=&#8221;off&#8221; zoom_icon_color=&#8221;#3c4e8c&#8221; _builder_version=&#8221;4.6.5&#8243; hover_enabled=&#8221;0&#8243; z_index_tablet=&#8221;500&#8243; sticky_enabled=&#8221;0&#8243;][\/et_pb_gallery][\/et_pb_column][\/et_pb_row][\/et_pb_section][et_pb_section fb_built=&#8221;1&#8243; _builder_version=&#8221;3.22.3&#8243; custom_padding=&#8221;0px||0px|&#8221;][et_pb_row use_custom_gutter=&#8221;on&#8221; gutter_width=&#8221;2&#8243; make_equal=&#8221;on&#8221; padding_left_right_link_1=&#8221;false&#8221; _builder_version=&#8221;3.25&#8243; width_tablet=&#8221;100{83bf30612ad597f144ac9659a878d6c0f3c30e55f87a7d25bf469196a9c133b1}&#8221; width_phone=&#8221;&#8221; width_last_edited=&#8221;on|desktop&#8221; max_width=&#8221;100{83bf30612ad597f144ac9659a878d6c0f3c30e55f87a7d25bf469196a9c133b1}&#8221; max_width_tablet=&#8221;100{83bf30612ad597f144ac9659a878d6c0f3c30e55f87a7d25bf469196a9c133b1}&#8221; max_width_phone=&#8221;&#8221; max_width_last_edited=&#8221;on|desktop&#8221; custom_margin=&#8221;50px|auto|0px|auto||&#8221; make_fullwidth=&#8221;on&#8221; column_structure=&#8221;1_2,1_2&#8243;][et_pb_column type=&#8221;1_2&#8243; module_id=&#8221;text&#8221; module_class=&#8221;flexible-column&#8221; _builder_version=&#8221;3.25&#8243; custom_padding=&#8221;|||&#8221; custom_padding_tablet=&#8221;|5{83bf30612ad597f144ac9659a878d6c0f3c30e55f87a7d25bf469196a9c133b1}||5{83bf30612ad597f144ac9659a878d6c0f3c30e55f87a7d25bf469196a9c133b1}&#8221; custom_padding_last_edited=&#8221;on|tablet&#8221; custom_padding__hover=&#8221;|||&#8221;][et_pb_text _builder_version=&#8221;3.27.4&#8243; animation_style=&#8221;flip&#8221;]<\/p>\n<h2>La nostra passione per gli sport acquatici<\/h2>\n<p>Siamo uno staff giovane che ama gli sport acquatici e di terra, i quali ci hanno attratto qui alle Isole Canarie, precisamente nella bellissima isola di Fuerteventura, terra di occasioni e onde speciali.  <\/p>\n<p>Siamo una scuola ufficiale della Federazione Canaria Surf e con istruttori certificati, conosciamo bene l&#8217;isola e le sue condizioni, sar\u00e0 un piacere condividere la nostra conoscenza e passione con altre persone che vogliono entrare in questo mondo sportivo. Presto anche tu diventerai pazzo per il surf! <\/p>\n<p>Pochissimi posti in Europa hanno onde e vento come possiammo trovare qui a Fuerteventura, chiamiamola semplicemente &#8220;Le Hawaii Europee&#8221; per la qualit\u00e0 delle sue condizioni ambientali che abbiamo TUTTO l&#8217;anno. La Canary Surf Academy sar\u00e0 felice di aiutarti a scegliere il posto pi\u00f9 adatto alle tue aspettative. In tutta la costa troviamo molti spot per lo stand up paddle e il surf. cosa aspetti? Ogni giorno \u00e8 un buon giorno per divertirsi e condividere una passione.<br \/>\n[\/et_pb_text][\/et_pb_column][et_pb_column type=&#8221;1_2&#8243; module_id=&#8221;image&#8221; module_class=&#8221;flexible-column&#8221; _builder_version=&#8221;3.25&#8243; custom_padding=&#8221;|||&#8221; custom_padding__hover=&#8221;|||&#8221;][et_pb_image src=&#8221;https:\/\/www.canarysurfacademy.com\/wp-content\/uploads\/2019\/03\/school_fuerteventura_canary_surf_school-1.jpg&#8221; align_tablet=&#8221;center&#8221; align_phone=&#8221;&#8221; align_last_edited=&#8221;on|desktop&#8221; _builder_version=&#8221;3.23&#8243; animation_style=&#8221;fold&#8221; animation_direction=&#8221;right&#8221;][\/et_pb_image][\/et_pb_column][\/et_pb_row][et_pb_row use_custom_gutter=&#8221;on&#8221; gutter_width=&#8221;2&#8243; make_equal=&#8221;on&#8221; module_class=&#8221;column-reverse et_pb_row_fullwidth&#8221; _builder_version=&#8221;3.25&#8243; width_tablet=&#8221;100{83bf30612ad597f144ac9659a878d6c0f3c30e55f87a7d25bf469196a9c133b1}&#8221; width_phone=&#8221;&#8221; width_last_edited=&#8221;on|desktop&#8221; max_width=&#8221;100{83bf30612ad597f144ac9659a878d6c0f3c30e55f87a7d25bf469196a9c133b1}&#8221; max_width_tablet=&#8221;100{83bf30612ad597f144ac9659a878d6c0f3c30e55f87a7d25bf469196a9c133b1}&#8221; max_width_phone=&#8221;&#8221; max_width_last_edited=&#8221;on|desktop&#8221; module_alignment=&#8221;center&#8221; custom_margin=&#8221;50px|50px|50px|0px&#8221; custom_margin_tablet=&#8221;0px||&#8221; custom_margin_phone=&#8221;&#8221; custom_margin_last_edited=&#8221;on|tablet&#8221; custom_padding=&#8221;0px||0px|&#8221; make_fullwidth=&#8221;on&#8221; column_structure=&#8221;1_3,2_3&#8243;][et_pb_column type=&#8221;1_3&#8243; module_id=&#8221;image&#8221; module_class=&#8221;flexible-column&#8221; _builder_version=&#8221;3.25&#8243; custom_padding=&#8221;|||&#8221; custom_padding__hover=&#8221;|||&#8221;][et_pb_image src=&#8221;https:\/\/www.canarysurfacademy.com\/wp-content\/uploads\/2017\/09\/Depositphotos_60257163_original.jpg&#8221; align_tablet=&#8221;center&#8221; align_phone=&#8221;&#8221; align_last_edited=&#8221;on|desktop&#8221; _builder_version=&#8221;3.24.1&#8243; custom_padding_tablet=&#8221;30px||&#8221; custom_padding_phone=&#8221;&#8221; custom_padding_last_edited=&#8221;on|desktop&#8221; animation_style=&#8221;fold&#8221; animation_direction=&#8221;left&#8221; animation=&#8221;off&#8221;][\/et_pb_image][\/et_pb_column][et_pb_column type=&#8221;2_3&#8243; module_id=&#8221;text&#8221; module_class=&#8221;flexible-column&#8221; _builder_version=&#8221;3.25&#8243; custom_padding=&#8221;|10{83bf30612ad597f144ac9659a878d6c0f3c30e55f87a7d25bf469196a9c133b1}||5{83bf30612ad597f144ac9659a878d6c0f3c30e55f87a7d25bf469196a9c133b1}&#8221; custom_padding_tablet=&#8221;50px|10{83bf30612ad597f144ac9659a878d6c0f3c30e55f87a7d25bf469196a9c133b1}||5{83bf30612ad597f144ac9659a878d6c0f3c30e55f87a7d25bf469196a9c133b1}&#8221; custom_padding_last_edited=&#8221;on|tablet&#8221; custom_padding__hover=&#8221;|||&#8221;][et_pb_text _builder_version=&#8221;3.27.4&#8243; animation_style=&#8221;flip&#8221;]<\/p>\n<h2>La nostra passione per Fuerteventura<\/h2>\n<p> Il surf \u00e8 uno dei tuoi sport preferiti? Ti piacerebbe provarlo in spiagge cos\u00ec belle che non potrai mai dimenticare? Se \u00e8 cos\u00ec, se stai pensando a un&#8217;esperienza del genere, devi venire a Fuerteventura. Spiagge sabbiose con diversi tipi di sabbia (bianca o nera), acque cristalline, spiagge speciali per la pratica del surf e altri sport\u2026 Fuerteventura ha molte attrazioni da scoprire. \u00c8 anche un luogo di svago, cultura, musei e cibo delizioso. Tra i quali troverete il Canary Art Center, un museo archeologico , tour sulla cultura delle Isole Canarie, un museo della pesca tradizionale, il museo del formaggio, le saline, il parco zoo e coltivazioni e prodotti di aloe vera, ecc. In Termini di gastronomia, Fuerteventura ti offre anche il cibo tipico delle Canarie che sei obbligato ad assaggiare per fare una completa immersione nella vita quotidiana dell&#8217;isola.<br \/>\n[\/et_pb_text][\/et_pb_column][\/et_pb_row][\/et_pb_section]<\/p>\n","protected":false},"excerpt":{"rendered":"<p>Chi siamo Scuola di sport acquatici e skate a Caleta de Fuste, Fuerteventura! Siamo appassionati di tutti gli sport acquatici, amiamo offrire alle persone un&#8217;esperienza straordinaria e godere dell&#8217;oceano in ogni modo possibile. La nostra passione per gli sport acquatici Siamo uno staff giovane che ama gli sport acquatici e di terra, i quali ci [&hellip;]<\/p>\n","protected":false},"author":1,"featured_media":0,"parent":0,"menu_order":0,"comment_status":"closed","ping_status":"closed","template":"","meta":{"_et_pb_use_builder":"on","_et_pb_old_content":"","_et_gb_content_width":"","_monsterinsights_skip_tracking":false,"_monsterinsights_sitenote_active":false,"_monsterinsights_sitenote_note":"","_monsterinsights_sitenote_category":0,"footnotes":""},"class_list":["post-30091","page","type-page","status-publish","hentry"],"yoast_head":"<!-- This site is optimized with the Yoast SEO plugin v27.4 - https:\/\/yoast.com\/product\/yoast-seo-wordpress\/ -->\n<title>Chi Siamo - Canary Surf Academy<\/title>\n<meta name=\"robots\" content=\"index, follow, max-snippet:-1, max-image-preview:large, max-video-preview:-1\" \/>\n<link rel=\"canonical\" href=\"https:\/\/www.canarysurfacademy.com\/it\/chi-siamo\/\" \/>\n<meta property=\"og:locale\" content=\"it_IT\" \/>\n<meta property=\"og:type\" content=\"article\" \/>\n<meta property=\"og:title\" content=\"Chi Siamo - Canary Surf Academy\" \/>\n<meta property=\"og:description\" content=\"Chi siamo Scuola di sport acquatici e skate a Caleta de Fuste, Fuerteventura! Siamo appassionati di tutti gli sport acquatici, amiamo offrire alle persone un&#039;esperienza straordinaria e godere dell&#039;oceano in ogni modo possibile. La nostra passione per gli sport acquatici Siamo uno staff giovane che ama gli sport acquatici e di terra, i quali ci [&hellip;]\" \/>\n<meta property=\"og:url\" content=\"https:\/\/www.canarysurfacademy.com\/it\/chi-siamo\/\" \/>\n<meta property=\"og:site_name\" content=\"Canary Surf Academy\" \/>\n<meta property=\"article:modified_time\" content=\"2022-01-21T15:51:53+00:00\" \/>\n<meta name=\"twitter:card\" content=\"summary_large_image\" \/>\n<meta name=\"twitter:label1\" content=\"Tempo di lettura stimato\" \/>\n\t<meta name=\"twitter:data1\" content=\"8 minuti\" \/>\n<script type=\"application\/ld+json\" class=\"yoast-schema-graph\">{\"@context\":\"https:\\\/\\\/schema.org\",\"@graph\":[{\"@type\":\"WebPage\",\"@id\":\"https:\\\/\\\/www.canarysurfacademy.com\\\/it\\\/chi-siamo\\\/\",\"url\":\"https:\\\/\\\/www.canarysurfacademy.com\\\/it\\\/chi-siamo\\\/\",\"name\":\"Chi Siamo - Canary Surf Academy\",\"isPartOf\":{\"@id\":\"https:\\\/\\\/www.canarysurfacademy.com\\\/it\\\/#website\"},\"datePublished\":\"2021-04-10T19:54:27+00:00\",\"dateModified\":\"2022-01-21T15:51:53+00:00\",\"breadcrumb\":{\"@id\":\"https:\\\/\\\/www.canarysurfacademy.com\\\/it\\\/chi-siamo\\\/#breadcrumb\"},\"inLanguage\":\"it-IT\",\"potentialAction\":[{\"@type\":\"ReadAction\",\"target\":[\"https:\\\/\\\/www.canarysurfacademy.com\\\/it\\\/chi-siamo\\\/\"]}]},{\"@type\":\"BreadcrumbList\",\"@id\":\"https:\\\/\\\/www.canarysurfacademy.com\\\/it\\\/chi-siamo\\\/#breadcrumb\",\"itemListElement\":[{\"@type\":\"ListItem\",\"position\":1,\"name\":\"Home\",\"item\":\"https:\\\/\\\/www.canarysurfacademy.com\\\/it\\\/\"},{\"@type\":\"ListItem\",\"position\":2,\"name\":\"Chi Siamo\"}]},{\"@type\":\"WebSite\",\"@id\":\"https:\\\/\\\/www.canarysurfacademy.com\\\/it\\\/#website\",\"url\":\"https:\\\/\\\/www.canarysurfacademy.com\\\/it\\\/\",\"name\":\"Canary Surf Academy\",\"description\":\"Surf school Fuerteventura\",\"potentialAction\":[{\"@type\":\"SearchAction\",\"target\":{\"@type\":\"EntryPoint\",\"urlTemplate\":\"https:\\\/\\\/www.canarysurfacademy.com\\\/it\\\/?s={search_term_string}\"},\"query-input\":{\"@type\":\"PropertyValueSpecification\",\"valueRequired\":true,\"valueName\":\"search_term_string\"}}],\"inLanguage\":\"it-IT\"}]}<\/script>\n<!-- \/ Yoast SEO plugin. -->","yoast_head_json":{"title":"Chi Siamo - Canary Surf Academy","robots":{"index":"index","follow":"follow","max-snippet":"max-snippet:-1","max-image-preview":"max-image-preview:large","max-video-preview":"max-video-preview:-1"},"canonical":"https:\/\/www.canarysurfacademy.com\/it\/chi-siamo\/","og_locale":"it_IT","og_type":"article","og_title":"Chi Siamo - Canary Surf Academy","og_description":"Chi siamo Scuola di sport acquatici e skate a Caleta de Fuste, Fuerteventura! Siamo appassionati di tutti gli sport acquatici, amiamo offrire alle persone un'esperienza straordinaria e godere dell'oceano in ogni modo possibile. La nostra passione per gli sport acquatici Siamo uno staff giovane che ama gli sport acquatici e di terra, i quali ci [&hellip;]","og_url":"https:\/\/www.canarysurfacademy.com\/it\/chi-siamo\/","og_site_name":"Canary Surf Academy","article_modified_time":"2022-01-21T15:51:53+00:00","twitter_card":"summary_large_image","twitter_misc":{"Tempo di lettura stimato":"8 minuti"},"schema":{"@context":"https:\/\/schema.org","@graph":[{"@type":"WebPage","@id":"https:\/\/www.canarysurfacademy.com\/it\/chi-siamo\/","url":"https:\/\/www.canarysurfacademy.com\/it\/chi-siamo\/","name":"Chi Siamo - Canary Surf Academy","isPartOf":{"@id":"https:\/\/www.canarysurfacademy.com\/it\/#website"},"datePublished":"2021-04-10T19:54:27+00:00","dateModified":"2022-01-21T15:51:53+00:00","breadcrumb":{"@id":"https:\/\/www.canarysurfacademy.com\/it\/chi-siamo\/#breadcrumb"},"inLanguage":"it-IT","potentialAction":[{"@type":"ReadAction","target":["https:\/\/www.canarysurfacademy.com\/it\/chi-siamo\/"]}]},{"@type":"BreadcrumbList","@id":"https:\/\/www.canarysurfacademy.com\/it\/chi-siamo\/#breadcrumb","itemListElement":[{"@type":"ListItem","position":1,"name":"Home","item":"https:\/\/www.canarysurfacademy.com\/it\/"},{"@type":"ListItem","position":2,"name":"Chi Siamo"}]},{"@type":"WebSite","@id":"https:\/\/www.canarysurfacademy.com\/it\/#website","url":"https:\/\/www.canarysurfacademy.com\/it\/","name":"Canary Surf Academy","description":"Surf school Fuerteventura","potentialAction":[{"@type":"SearchAction","target":{"@type":"EntryPoint","urlTemplate":"https:\/\/www.canarysurfacademy.com\/it\/?s={search_term_string}"},"query-input":{"@type":"PropertyValueSpecification","valueRequired":true,"valueName":"search_term_string"}}],"inLanguage":"it-IT"}]}},"_links":{"self":[{"href":"https:\/\/www.canarysurfacademy.com\/it\/wp-json\/wp\/v2\/pages\/30091","targetHints":{"allow":["GET"]}}],"collection":[{"href":"https:\/\/www.canarysurfacademy.com\/it\/wp-json\/wp\/v2\/pages"}],"about":[{"href":"https:\/\/www.canarysurfacademy.com\/it\/wp-json\/wp\/v2\/types\/page"}],"author":[{"embeddable":true,"href":"https:\/\/www.canarysurfacademy.com\/it\/wp-json\/wp\/v2\/users\/1"}],"replies":[{"embeddable":true,"href":"https:\/\/www.canarysurfacademy.com\/it\/wp-json\/wp\/v2\/comments?post=30091"}],"version-history":[{"count":3,"href":"https:\/\/www.canarysurfacademy.com\/it\/wp-json\/wp\/v2\/pages\/30091\/revisions"}],"predecessor-version":[{"id":30679,"href":"https:\/\/www.canarysurfacademy.com\/it\/wp-json\/wp\/v2\/pages\/30091\/revisions\/30679"}],"wp:attachment":[{"href":"https:\/\/www.canarysurfacademy.com\/it\/wp-json\/wp\/v2\/media?parent=30091"}],"curies":[{"name":"wp","href":"https:\/\/api.w.org\/{rel}","templated":true}]}}